{"id":23,"date":"2022-03-02T18:46:00","date_gmt":"2022-03-02T18:46:00","guid":{"rendered":"https:\/\/cervinusteatrum.hu\/?page_id=23"},"modified":"2025-02-11T09:10:23","modified_gmt":"2025-02-11T09:10:23","slug":"naptar","status":"publish","type":"page","link":"https:\/\/cervinusteatrum.hu\/sk\/naptar\/","title":{"rendered":"Kalend\u00e1r"},"content":{"rendered":"<div class=\"banner has-hover has-parallax\" id=\"banner-492004461\">\n          <div class=\"banner-inner fill\">\n        <div class=\"banner-bg fill\" data-parallax=\"-4\" data-parallax-container=\".banner\" data-parallax-background>\n            <img loading=\"lazy\" decoding=\"async\" width=\"1900\" height=\"801\" src=\"https:\/\/cervinusteatrum.hu\/wp-content\/uploads\/2024\/05\/slider-x5.png\" class=\"bg attachment-original size-original\" alt=\"\" \/>                        <div class=\"overlay\"><\/div>            \n                    <\/div>\n\t\t\n        <div class=\"banner-layers container\">\n            <div class=\"fill banner-link\"><\/div>            \n\n   <div id=\"text-box-1856853631\" class=\"text-box banner-layer x0 md-x0 lg-x0 y50 md-y50 lg-y50 res-text\">\n                                <div class=\"text-box-content text dark\">\n              \n              <div class=\"text-inner text-center\">\n                  \n\n\t<div id=\"text-2170664217\" class=\"text\">\n\t\t\n\n<h1><strong>Kalend\u00e1r <\/strong><\/h1>\n\t\t\n<style>\n#text-2170664217 {\n  text-align: left;\n}\n<\/style>\n\t<\/div>\n\t\n\n              <\/div>\n           <\/div>\n                            \n<style>\n#text-box-1856853631 {\n  width: 60%;\n}\n#text-box-1856853631 .text-box-content {\n  font-size: 100%;\n}\n<\/style>\n    <\/div>\n \n\n        <\/div>\n      <\/div>\n\n            \n<style>\n#banner-492004461 {\n  padding-top: 300px;\n}\n#banner-492004461 .overlay {\n  background-color: rgba(0,0,0,.5);\n}\n<\/style>\n  <\/div>\n\n\n\n\t<section class=\"section naptar-oldal\" id=\"section_2052384257\">\n\t\t<div class=\"section-bg fill\" >\n\t\t\t\t\t\t\t\t\t\n\t\t\t\n\n\t\t<\/div>\n\n\t\t\n\n\t\t<div class=\"section-content relative\">\n\t\t\t\n\n<div class=\"row naptar1\"  id=\"row-73335232\">\n\n\n\t<div id=\"col-125718118\" class=\"col small-12 large-12\"  >\n\t\t\t\t<div class=\"col-inner\"  >\n\t\t\t\n\t\t\t\n\n\t<div id=\"gap-403936355\" class=\"gap-element clearfix\" style=\"display:block; height:auto;\">\n\t\t\n<style>\n#gap-403936355 {\n  padding-top: 50px;\n}\n<\/style>\n\t<\/div>\n\t\n\n<div class=\"mec-wrap mec-skin-grid-container\" id=\"mec_skin_1950\">\n\n    <div id=\"mec_search_form_1950\" class=\"mec-search-form mec-totalcal-box\"><div class=\"mec-dropdown-wrap\" ><div class=\"mec-dropdown-search\"><i class=\"mec-sl-folder\"><\/i><select  name=' ' id='mec_sf_category_1950' class='postform'>\n\t<option value='' selected='selected'>Category<\/option>\n\t<option class=\"level-0\" value=\"53\">Csal\u00e1di<\/option>\n\t<option class=\"level-0\" value=\"52\">Mindenm\u00e1s<\/option>\n<\/select>\n<\/div><\/div><\/div>\n            <div class=\"mec-skin-grid-events-container\" id=\"mec_skin_events_1950\">\n        <div class=\"mec-wrap colorskin-custom\">\n    <div class=\"mec-event-grid-clean\" data-widget-autoplay=\"1\" data-widget-loop=\"1\" data-widget-autoplay-time=\"3000\">\n        <div class=\"row\"><div class=\"col-md-4 col-sm-4\"><article class=\"mec-event-article mec-clear\" itemscope>                    <div class=\"event-grid-t2-head mec-bg-color clearfix\">\n                                    <div class=\"mec-event-month\"><span class=\"mec-start-date-label\">01 m\u00e1ja<\/span><\/div>\n                                                                                            <div class=\"mec-event-detail\">\n                                        <div class=\"mec-categories-wrapper\"><i class=\"mec-sl-folder\"><\/i><ul class=\"mec-categories\"><li class=\"mec-category\"><a class=\"mec-color-hover\" href=\"https:\/\/cervinusteatrum.hu\/sk\/musor-kategoria\/csaladi\/\" target=\"_blank\">Csal\u00e1di<span class=\"mec-event-category-color\" style=\"--background-color: #397fd1;background-color: #397fd1\">&nbsp;<\/span><\/a><\/li><li class=\"mec-category\"><a class=\"mec-color-hover\" href=\"https:\/\/cervinusteatrum.hu\/sk\/musor-kategoria\/mindenmas\/\" target=\"_blank\">Mindenm\u00e1s<span class=\"mec-event-category-color\" style=\"--background-color: #a52139;background-color: #a52139\">&nbsp;<\/span><\/a><\/li><\/ul><\/div>                                                                            <\/div>\n            <\/div>\n            <div class=\"mec-event-image\"><a data-event-id=\"2942\" href=\"https:\/\/cervinusteatrum.hu\/sk\/musor\/szarvasi-majalis-2026\/\" target=\"_self\" rel=\"noopener\"><img loading=\"lazy\" decoding=\"async\" width=\"1024\" height=\"576\" src=\"https:\/\/cervinusteatrum.hu\/wp-content\/uploads\/2026\/04\/Majalis-1-2-1024x576.png\" class=\"attachment-medium size-medium wp-post-image\" alt=\"\" data-mec-postid=\"2942\" \/><\/a><\/div>\n            <div class=\"mec-event-content\">\n                                                                <h4 class=\"mec-event-title\"><a class=\"mec-color-hover\" data-event-id=\"2942\" href=\"https:\/\/cervinusteatrum.hu\/sk\/musor\/szarvasi-majalis-2026\/\" target=\"_self\" rel=\"noopener\">SZARVASI MAJ\u00c1LIS 2026<\/a><span class=\"event-color\" style=\"background: #397fd1\"><\/span><\/h4>\n                <p class=\"mec-grid-event-location\"><\/p>\n            <\/div>\n            <div class=\"mec-event-footer mec-color\">\n                                <ul class=\"mec-event-sharing-wrap\">\n                    <li class=\"mec-event-share\">\n                        <a href=\"#\" class=\"mec-event-share-icon\">\n                            <i class=\"mec-sl-share\" title=\"Share\"><\/i>\n                        <\/a>\n                    <\/li>\n                    <li>\n                        <ul class=\"mec-event-sharing\">\n                            <li class=\"mec-event-social-icon\"><a class=\"facebook\" href=\"https:\/\/www.facebook.com\/sharer\/sharer.php?u=https%3A%2F%2Fcervinusteatrum.hu%2Fsk%2Fmusor%2Fszarvasi-majalis-2026%2F\" onclick=\"javascript:window.open(this.href, '', 'menubar=no,toolbar=no,resizable=yes,scrollbars=yes,height=500,width=600'); return false;\" target=\"_blank\" title=\"Share on Facebook\"><i class=\"mec-fa-facebook\"><\/i><span class=\"mec-social-title\">Facebook<\/span><\/a><\/li><li class=\"mec-event-social-icon\"><a class=\"twitter\" href=\"https:\/\/twitter.com\/share?url=https%3A%2F%2Fcervinusteatrum.hu%2Fsk%2Fmusor%2Fszarvasi-majalis-2026%2F\" onclick=\"javascript:window.open(this.href, '', 'menubar=no,toolbar=no,resizable=yes,scrollbars=yes,height=600,width=500'); return false;\" target=\"_blank\" title=\"X Social Network\"><svg xmlns=\"http:\/\/www.w3.org\/2000\/svg\" shape-rendering=\"geometricPrecision\" text-rendering=\"geometricPrecision\" image-rendering=\"optimizeQuality\" fill-rule=\"evenodd\" clip-rule=\"evenodd\" viewbox=\"0 0 512 462.799\"><path fill-rule=\"nonzero\" d=\"M403.229 0h78.506L310.219 196.04 512 462.799H354.002L230.261 301.007 88.669 462.799h-78.56l183.455-209.683L0 0h161.999l111.856 147.88L403.229 0zm-27.556 415.805h43.505L138.363 44.527h-46.68l283.99 371.278z\"\/><\/svg><span class=\"mec-social-title\">Twitter<\/span><\/a><\/li><li class=\"mec-event-social-icon\"><a class=\"linkedin\" href=\"https:\/\/www.linkedin.com\/shareArticle?mini=true&url=https%3A%2F%2Fcervinusteatrum.hu%2Fsk%2Fmusor%2Fszarvasi-majalis-2026%2F\" onclick=\"javascript:window.open(this.href, '', 'menubar=no,toolbar=no,resizable=yes,scrollbars=yes,height=600,width=500'); return false;\" target=\"_blank\" title=\"Linkedin\"><i class=\"mec-fa-linkedin\"><\/i><span class=\"mec-social-title\">Linkedin<\/span><\/a><\/li><li class=\"mec-event-social-icon\"><a class=\"email\" href=\"mailto:?subject=SZARVASI%20MAJ%C3%81LIS%202026&body=https%3A%2F%2Fcervinusteatrum.hu%2Fsk%2Fmusor%2Fszarvasi-majalis-2026%2F\" title=\"Email\"><i class=\"mec-fa-envelope\"><\/i><span class=\"mec-social-title\">Email<\/span><\/a><\/li>                        <\/ul>\n                    <\/li>\n                <\/ul>\n                                                                <a class=\"mec-booking-button\" data-event-id=\"2942\" href=\"https:\/\/cervinusteatrum.hu\/sk\/musor\/szarvasi-majalis-2026\/\" target=\"_self\" rel=\"noopener\">Podrobnosti na<\/a>            <\/div>\n        <\/article><\/div>                <div class=\"col-md-4 col-sm-4\"><article class=\"mec-past-event mec-event-article mec-clear\" itemscope>                    <div class=\"event-grid-t2-head mec-bg-color clearfix\">\n                                    <div class=\"mec-event-month\"><span class=\"mec-start-date-label\">02 m\u00e1ja<\/span><\/div>\n                                                                                            <div class=\"mec-event-detail\">\n                                        <div class=\"mec-categories-wrapper\"><i class=\"mec-sl-folder\"><\/i><ul class=\"mec-categories\"><li class=\"mec-category\"><a class=\"mec-color-hover\" href=\"https:\/\/cervinusteatrum.hu\/sk\/musor-kategoria\/mindenmas\/\" target=\"_blank\">Mindenm\u00e1s<span class=\"mec-event-category-color\" style=\"--background-color: #a52139;background-color: #a52139\">&nbsp;<\/span><\/a><\/li><\/ul><\/div>                                                                            <\/div>\n            <\/div>\n            <div class=\"mec-event-image\"><a data-event-id=\"1961\" href=\"https:\/\/cervinusteatrum.hu\/sk\/musor\/maminbaba-szerdankent\/\" target=\"_self\" rel=\"noopener\"><img loading=\"lazy\" decoding=\"async\" width=\"1024\" height=\"683\" src=\"https:\/\/cervinusteatrum.hu\/wp-content\/uploads\/2024\/04\/maminbaba-1024x683.jpg\" class=\"attachment-medium size-medium wp-post-image\" alt=\"\" data-mec-postid=\"1961\" \/><\/a><\/div>\n            <div class=\"mec-event-content\">\n                                                                <h4 class=\"mec-event-title\"><a class=\"mec-color-hover\" data-event-id=\"1961\" href=\"https:\/\/cervinusteatrum.hu\/sk\/musor\/maminbaba-szerdankent\/\" target=\"_self\" rel=\"noopener\">Maminbaba &#8211; szerd\u00e1nk\u00e9nt<\/a><span class=\"event-color\" style=\"background: #a52139\"><\/span><\/h4>\n                <p class=\"mec-grid-event-location\"><\/p>\n            <\/div>\n            <div class=\"mec-event-footer mec-color\">\n                                <ul class=\"mec-event-sharing-wrap\">\n                    <li class=\"mec-event-share\">\n                        <a href=\"#\" class=\"mec-event-share-icon\">\n                            <i class=\"mec-sl-share\" title=\"Share\"><\/i>\n                        <\/a>\n                    <\/li>\n                    <li>\n                        <ul class=\"mec-event-sharing\">\n                            <li class=\"mec-event-social-icon\"><a class=\"facebook\" href=\"https:\/\/www.facebook.com\/sharer\/sharer.php?u=https%3A%2F%2Fcervinusteatrum.hu%2Fsk%2Fmusor%2Fmaminbaba-szerdankent%2F\" onclick=\"javascript:window.open(this.href, '', 'menubar=no,toolbar=no,resizable=yes,scrollbars=yes,height=500,width=600'); return false;\" target=\"_blank\" title=\"Share on Facebook\"><i class=\"mec-fa-facebook\"><\/i><span class=\"mec-social-title\">Facebook<\/span><\/a><\/li><li class=\"mec-event-social-icon\"><a class=\"twitter\" href=\"https:\/\/twitter.com\/share?url=https%3A%2F%2Fcervinusteatrum.hu%2Fsk%2Fmusor%2Fmaminbaba-szerdankent%2F\" onclick=\"javascript:window.open(this.href, '', 'menubar=no,toolbar=no,resizable=yes,scrollbars=yes,height=600,width=500'); return false;\" target=\"_blank\" title=\"X Social Network\"><svg xmlns=\"http:\/\/www.w3.org\/2000\/svg\" shape-rendering=\"geometricPrecision\" text-rendering=\"geometricPrecision\" image-rendering=\"optimizeQuality\" fill-rule=\"evenodd\" clip-rule=\"evenodd\" viewbox=\"0 0 512 462.799\"><path fill-rule=\"nonzero\" d=\"M403.229 0h78.506L310.219 196.04 512 462.799H354.002L230.261 301.007 88.669 462.799h-78.56l183.455-209.683L0 0h161.999l111.856 147.88L403.229 0zm-27.556 415.805h43.505L138.363 44.527h-46.68l283.99 371.278z\"\/><\/svg><span class=\"mec-social-title\">Twitter<\/span><\/a><\/li><li class=\"mec-event-social-icon\"><a class=\"linkedin\" href=\"https:\/\/www.linkedin.com\/shareArticle?mini=true&url=https%3A%2F%2Fcervinusteatrum.hu%2Fsk%2Fmusor%2Fmaminbaba-szerdankent%2F\" onclick=\"javascript:window.open(this.href, '', 'menubar=no,toolbar=no,resizable=yes,scrollbars=yes,height=600,width=500'); return false;\" target=\"_blank\" title=\"Linkedin\"><i class=\"mec-fa-linkedin\"><\/i><span class=\"mec-social-title\">Linkedin<\/span><\/a><\/li><li class=\"mec-event-social-icon\"><a class=\"email\" href=\"mailto:?subject=Maminbaba%20-%20szerd%C3%A1nk%C3%A9nt&body=https%3A%2F%2Fcervinusteatrum.hu%2Fsk%2Fmusor%2Fmaminbaba-szerdankent%2F\" title=\"Email\"><i class=\"mec-fa-envelope\"><\/i><span class=\"mec-social-title\">Email<\/span><\/a><\/li>                        <\/ul>\n                    <\/li>\n                <\/ul>\n                                                                <a class=\"mec-booking-button\" data-event-id=\"1961\" href=\"https:\/\/cervinusteatrum.hu\/sk\/musor\/maminbaba-szerdankent\/\" target=\"_self\" rel=\"noopener\">Podrobnosti na<\/a>            <\/div>\n        <\/article><\/div>                        <\/div>\t<\/div>\n<\/div>\n\n    <\/div>\n    <div class=\"mec-skin-grid-no-events-container mec-util-hidden\" id=\"mec_skin_no_events_1950\">\n        No event found!    <\/div>\n    \n    \n<\/div>\n\n\n\t\t<\/div>\n\t\t\t\t\t<\/div>\n\n\t\n\n<\/div>\n\n\t\t<\/div>\n\n\t\t\n<style>\n#section_2052384257 {\n  padding-top: 30px;\n  padding-bottom: 30px;\n}\n<\/style>\n\t<\/section>","protected":false},"excerpt":{"rendered":"","protected":false},"author":1,"featured_media":0,"parent":0,"menu_order":0,"comment_status":"closed","ping_status":"closed","template":"","meta":{"footnotes":""},"class_list":["post-23","page","type-page","status-publish","hentry"],"yoast_head":"<!-- This site is optimized with the Yoast SEO plugin v27.5 - https:\/\/yoast.com\/product\/yoast-seo-wordpress\/ -->\n<title>Napt\u00e1r - Cervinus Te\u00e1trum<\/title>\n<meta name=\"robots\" content=\"index, follow, max-snippet:-1, max-image-preview:large, max-video-preview:-1\" \/>\n<link rel=\"canonical\" href=\"https:\/\/cervinusteatrum.hu\/sk\/naptar\/\" \/>\n<meta property=\"og:locale\" content=\"sk_SK\" \/>\n<meta property=\"og:type\" content=\"article\" \/>\n<meta property=\"og:title\" content=\"Napt\u00e1r - Cervinus Te\u00e1trum\" \/>\n<meta property=\"og:url\" content=\"https:\/\/cervinusteatrum.hu\/sk\/naptar\/\" \/>\n<meta property=\"og:site_name\" content=\"Cervinus Te\u00e1trum\" \/>\n<meta property=\"article:publisher\" content=\"https:\/\/www.facebook.com\/cervinusteatrumhu\" \/>\n<meta property=\"article:modified_time\" content=\"2025-02-11T09:10:23+00:00\" \/>\n<meta name=\"twitter:card\" content=\"summary_large_image\" \/>\n<meta name=\"twitter:label1\" content=\"Predpokladan\u00fd \u010das \u010d\u00edtania\" \/>\n\t<meta name=\"twitter:data1\" content=\"1 min\u00fata\" \/>\n<script type=\"application\/ld+json\" class=\"yoast-schema-graph\">{\"@context\":\"https:\\\/\\\/schema.org\",\"@graph\":[{\"@type\":\"WebPage\",\"@id\":\"https:\\\/\\\/cervinusteatrum.hu\\\/naptar\\\/\",\"url\":\"https:\\\/\\\/cervinusteatrum.hu\\\/naptar\\\/\",\"name\":\"Napt\u00e1r - Cervinus Te\u00e1trum\",\"isPartOf\":{\"@id\":\"https:\\\/\\\/cervinusteatrum.hu\\\/#website\"},\"datePublished\":\"2022-03-02T18:46:00+00:00\",\"dateModified\":\"2025-02-11T09:10:23+00:00\",\"breadcrumb\":{\"@id\":\"https:\\\/\\\/cervinusteatrum.hu\\\/naptar\\\/#breadcrumb\"},\"inLanguage\":\"sk-SK\",\"potentialAction\":[{\"@type\":\"ReadAction\",\"target\":[\"https:\\\/\\\/cervinusteatrum.hu\\\/naptar\\\/\"]}]},{\"@type\":\"BreadcrumbList\",\"@id\":\"https:\\\/\\\/cervinusteatrum.hu\\\/naptar\\\/#breadcrumb\",\"itemListElement\":[{\"@type\":\"ListItem\",\"position\":1,\"name\":\"Kezd\u0151lap\",\"item\":\"https:\\\/\\\/cervinusteatrum.hu\\\/\"},{\"@type\":\"ListItem\",\"position\":2,\"name\":\"Napt\u00e1r\"}]},{\"@type\":\"WebSite\",\"@id\":\"https:\\\/\\\/cervinusteatrum.hu\\\/#website\",\"url\":\"https:\\\/\\\/cervinusteatrum.hu\\\/\",\"name\":\"Cervinus Te\u00e1trum\",\"description\":\"\",\"publisher\":{\"@id\":\"https:\\\/\\\/cervinusteatrum.hu\\\/#organization\"},\"potentialAction\":[{\"@type\":\"SearchAction\",\"target\":{\"@type\":\"EntryPoint\",\"urlTemplate\":\"https:\\\/\\\/cervinusteatrum.hu\\\/?s={search_term_string}\"},\"query-input\":{\"@type\":\"PropertyValueSpecification\",\"valueRequired\":true,\"valueName\":\"search_term_string\"}}],\"inLanguage\":\"sk-SK\"},{\"@type\":\"Organization\",\"@id\":\"https:\\\/\\\/cervinusteatrum.hu\\\/#organization\",\"name\":\"Cervinus Te\u00e1trum\",\"url\":\"https:\\\/\\\/cervinusteatrum.hu\\\/\",\"logo\":{\"@type\":\"ImageObject\",\"inLanguage\":\"sk-SK\",\"@id\":\"https:\\\/\\\/cervinusteatrum.hu\\\/#\\\/schema\\\/logo\\\/image\\\/\",\"url\":\"https:\\\/\\\/cervinusteatrum.hu\\\/wp-content\\\/uploads\\\/2022\\\/03\\\/cervinus.png\",\"contentUrl\":\"https:\\\/\\\/cervinusteatrum.hu\\\/wp-content\\\/uploads\\\/2022\\\/03\\\/cervinus.png\",\"width\":819,\"height\":960,\"caption\":\"Cervinus Te\u00e1trum\"},\"image\":{\"@id\":\"https:\\\/\\\/cervinusteatrum.hu\\\/#\\\/schema\\\/logo\\\/image\\\/\"},\"sameAs\":[\"https:\\\/\\\/www.facebook.com\\\/cervinusteatrumhu\"]}]}<\/script>\n<!-- \/ Yoast SEO plugin. -->","yoast_head_json":{"title":"Napt\u00e1r - Cervinus Te\u00e1trum","robots":{"index":"index","follow":"follow","max-snippet":"max-snippet:-1","max-image-preview":"max-image-preview:large","max-video-preview":"max-video-preview:-1"},"canonical":"https:\/\/cervinusteatrum.hu\/sk\/naptar\/","og_locale":"sk_SK","og_type":"article","og_title":"Napt\u00e1r - Cervinus Te\u00e1trum","og_url":"https:\/\/cervinusteatrum.hu\/sk\/naptar\/","og_site_name":"Cervinus Te\u00e1trum","article_publisher":"https:\/\/www.facebook.com\/cervinusteatrumhu","article_modified_time":"2025-02-11T09:10:23+00:00","twitter_card":"summary_large_image","twitter_misc":{"Predpokladan\u00fd \u010das \u010d\u00edtania":"1 min\u00fata"},"schema":{"@context":"https:\/\/schema.org","@graph":[{"@type":"WebPage","@id":"https:\/\/cervinusteatrum.hu\/naptar\/","url":"https:\/\/cervinusteatrum.hu\/naptar\/","name":"Napt\u00e1r - Cervinus Te\u00e1trum","isPartOf":{"@id":"https:\/\/cervinusteatrum.hu\/#website"},"datePublished":"2022-03-02T18:46:00+00:00","dateModified":"2025-02-11T09:10:23+00:00","breadcrumb":{"@id":"https:\/\/cervinusteatrum.hu\/naptar\/#breadcrumb"},"inLanguage":"sk-SK","potentialAction":[{"@type":"ReadAction","target":["https:\/\/cervinusteatrum.hu\/naptar\/"]}]},{"@type":"BreadcrumbList","@id":"https:\/\/cervinusteatrum.hu\/naptar\/#breadcrumb","itemListElement":[{"@type":"ListItem","position":1,"name":"Kezd\u0151lap","item":"https:\/\/cervinusteatrum.hu\/"},{"@type":"ListItem","position":2,"name":"Napt\u00e1r"}]},{"@type":"WebSite","@id":"https:\/\/cervinusteatrum.hu\/#website","url":"https:\/\/cervinusteatrum.hu\/","name":"Cervinus Te\u00e1trum","description":"","publisher":{"@id":"https:\/\/cervinusteatrum.hu\/#organization"},"potentialAction":[{"@type":"SearchAction","target":{"@type":"EntryPoint","urlTemplate":"https:\/\/cervinusteatrum.hu\/?s={search_term_string}"},"query-input":{"@type":"PropertyValueSpecification","valueRequired":true,"valueName":"search_term_string"}}],"inLanguage":"sk-SK"},{"@type":"Organization","@id":"https:\/\/cervinusteatrum.hu\/#organization","name":"Cervinus Te\u00e1trum","url":"https:\/\/cervinusteatrum.hu\/","logo":{"@type":"ImageObject","inLanguage":"sk-SK","@id":"https:\/\/cervinusteatrum.hu\/#\/schema\/logo\/image\/","url":"https:\/\/cervinusteatrum.hu\/wp-content\/uploads\/2022\/03\/cervinus.png","contentUrl":"https:\/\/cervinusteatrum.hu\/wp-content\/uploads\/2022\/03\/cervinus.png","width":819,"height":960,"caption":"Cervinus Te\u00e1trum"},"image":{"@id":"https:\/\/cervinusteatrum.hu\/#\/schema\/logo\/image\/"},"sameAs":["https:\/\/www.facebook.com\/cervinusteatrumhu"]}]}},"_links":{"self":[{"href":"https:\/\/cervinusteatrum.hu\/sk\/wp-json\/wp\/v2\/pages\/23","targetHints":{"allow":["GET"]}}],"collection":[{"href":"https:\/\/cervinusteatrum.hu\/sk\/wp-json\/wp\/v2\/pages"}],"about":[{"href":"https:\/\/cervinusteatrum.hu\/sk\/wp-json\/wp\/v2\/types\/page"}],"author":[{"embeddable":true,"href":"https:\/\/cervinusteatrum.hu\/sk\/wp-json\/wp\/v2\/users\/1"}],"replies":[{"embeddable":true,"href":"https:\/\/cervinusteatrum.hu\/sk\/wp-json\/wp\/v2\/comments?post=23"}],"version-history":[{"count":18,"href":"https:\/\/cervinusteatrum.hu\/sk\/wp-json\/wp\/v2\/pages\/23\/revisions"}],"predecessor-version":[{"id":2166,"href":"https:\/\/cervinusteatrum.hu\/sk\/wp-json\/wp\/v2\/pages\/23\/revisions\/2166"}],"wp:attachment":[{"href":"https:\/\/cervinusteatrum.hu\/sk\/wp-json\/wp\/v2\/media?parent=23"}],"curies":[{"name":"wp","href":"https:\/\/api.w.org\/{rel}","templated":true}]}}