{"id":1999,"date":"2024-04-10T06:14:37","date_gmt":"2024-04-10T06:14:37","guid":{"rendered":"https:\/\/cervinusteatrum.hu\/?page_id=1999"},"modified":"2024-04-10T06:16:00","modified_gmt":"2024-04-10T06:16:00","slug":"top","status":"publish","type":"page","link":"https:\/\/cervinusteatrum.hu\/sk\/top\/","title":{"rendered":"Top"},"content":{"rendered":"<section class=\"section\" id=\"section_2053834836\">\n\t\t<div class=\"section-bg fill\" >\n\t\t\t\t\t\t\t\t\t\n\t\t\t\n\n\t\t<\/div>\n\n\t\t\n\n\t\t<div class=\"section-content relative\">\n\t\t\t\n\n<div class=\"row\"  id=\"row-2098317657\">\n\n\n\t<div id=\"col-148435619\" class=\"col small-12 large-12\"  >\n\t\t\t\t<div class=\"col-inner\"  >\n\t\t\t\n\t\t\t\n\n<p>A Szarvasi Helyi K\u00f6z\u00f6ss\u00e9g Helyi K\u00f6z\u00f6ss\u00e9gi Fejleszt\u00e9si strat\u00e9gi\u00e1ja<img loading=\"lazy\" decoding=\"async\" class=\"size-full wp-image-2002 alignright\" src=\"https:\/\/cervinusteatrum.hu\/wp-content\/uploads\/2024\/04\/2020.jpg\" alt=\"\" width=\"280\" height=\"193\" srcset=\"https:\/\/cervinusteatrum.hu\/wp-content\/uploads\/2024\/04\/2020.jpg 280w, https:\/\/cervinusteatrum.hu\/wp-content\/uploads\/2024\/04\/2020-18x12.jpg 18w\" sizes=\"auto, (max-width: 280px) 100vw, 280px\" \/><\/p>\n<p><strong>Projekt c\u00edme:<\/strong>\u00a0Helyi nemzetis\u00e9gi kultur\u00e1lis hagyom\u00e1nyok \u00e1pol\u00e1sa Szarvason<br \/><strong>Projekt azonos\u00edt\u00f3sz\u00e1ma:<\/strong>\u00a0TOP-7.1.1-16-H-ESZA-2019-00348<br \/><strong>Kedvezm\u00e9nyezett:<\/strong>\u00a0Cervinus Te\u00e1trum M\u0171v\u00e9szeti Szolg\u00e1ltat\u00f3 K\u00f6zhaszn\u00fa Nonprofit Kft.<br \/><strong>T\u00e1mogat\u00e1s \u00f6sszege:\u00a0<\/strong>3.824.175,- Ft<br \/><strong>T\u00e1mogat\u00e1s m\u00e9rt\u00e9ke:<\/strong>\u00a0100%<br \/><strong>T\u00e9nyleges befejez\u00e9s:<\/strong>\u00a02022. szeptember 22.<\/p>\n<div>\u00a0<\/div>\n<div>\n<p><strong>A projekt le\u00edr\u00e1sa:<\/strong><\/p>\n<p>A Cervinus Te\u00e1trum M\u0171v\u00e9szeti Nonprofit Kft. az orsz\u00e1gban egyed\u00fcl\u00e1ll\u00f3 m\u00f3don tud mag\u00e1ban olyan szakfeladatokat, melyeket m\u00e1s telep\u00fcl\u00e9sek k\u00fcl\u00f6n-k\u00fcl\u00f6n l\u00e9trehozott szervezetekkel, int\u00e9zm\u00e9nyekkel, vagy egy\u00e9b m\u0171k\u00f6dtet\u00e9si form\u00e1ban val\u00f3s\u00edtanak meg. A teljess\u00e9g ig\u00e9nye n\u00e9lk\u00fcl sz\u00ednh\u00e1zi szakfeladat (\u00faj darabok l\u00e9trehoz\u00e1sa; befogad\u00f3 sz\u00ednh\u00e1zi tev\u00e9kenys\u00e9g; sz\u00ednh\u00e1zi darabok t\u00e1jol\u00e1sa), k\u00f6z\u00f6ss\u00e9gi sz\u00ednt\u00e9r (nagytermi rendezv\u00e9nyek, koncertek, el\u0151ad\u00f3 estek, t\u00e1borok, foglalkoz\u00e1sok, stb.) m\u0171k\u00f6dtet\u00e9s\u00e9t tudjuk a szervezet \u00e9gisze alatt. Tov\u00e1bb\u00e1 a v\u00e1rosi, \u00e1llami, \u00e9s saj\u00e1t region\u00e1lis \u00fcnnepeink, esem\u00e9nyeink szervez\u00e9se is idetartozik, melynek szerves r\u00e9sze a Zenepavilon, \u00e9s a Szarvasi Szilvanapok. E k\u00e9t rendezv\u00e9ny keretein bel\u00fcl szeretn\u00e9nk a projektben megfogalmazott c\u00e9lokat megval\u00f3s\u00edtani. <br \/><br \/>A projekt keretein bel\u00fcl az el\u0151ad\u00f3m\u0171v\u00e9szet, valamint a gasztron\u00f3mia seg\u00edts\u00e9g\u00e9vel szeretn\u00e9nk mind vizu\u00e1lis, mint kulin\u00e1ris m\u00f3don a nemzetis\u00e9gi \u00f6r\u00f6ks\u00e9geinket t\u00f6bb gener\u00e1ci\u00f3 sz\u00e1m\u00e1ra is el\u00e9rhet\u0151v\u00e9 tenni. A helyi rendezv\u00e9nyek \u00e9s rendezv\u00e9nyhelysz\u00ednek erre megfelel\u0151 platformot biztos\u00edtanak, \u00e9s a t\u00f6bb \u00e9ve bev\u00e1lt gyakorlatnak k\u00f6sz\u00f6nhet\u0151en a szlov\u00e1k, roma, valamint magyar kultur\u00e1lis \u00e9s gasztro \u00e9rt\u00e9keket a helyi lakoss\u00e1g, valamint a v\u00e1rosba l\u00e1togat\u00f3 turist\u00e1k is megismerhetik programjaink keret\u00e9n bel\u00fcl. Szarvas v\u00e1rosa gazdag kultur\u00e1lis \u00e9s nemzetis\u00e9gi hagyom\u00e1nyokkal b\u00edr, melyet sajnos egyre nehezebb megjelen\u00edteni \u00e9s \u00e1tadni az \u00fajabb gener\u00e1ci\u00f3k sz\u00e1m\u00e1ra. Jelen p\u00e1ly\u00e1zat lehet\u0151s\u00e9get ad arra, hogy olyan esem\u00e9nyeket val\u00f3s\u00edtsunk meg, melyek k\u00f6zelebb hozhatj\u00e1k a helyi trad\u00edci\u00f3kat \u00e9s \u00e9rt\u00e9keket a fiatalabbakhoz, \u00e9s hagyom\u00e1ny\u0151rz\u0151 elemekkel, m\u00e9gis innovat\u00edv m\u00f3don tudja \u00e1tadni mindazon tud\u00e1st, mely \u00e1t\u00f6r\u00f6k\u00edthet\u0151s\u00e9g\u00e9ben egyre nehezebb probl\u00e9m\u00e1k el\u00e9 \u00e1ll.<\/p>\n<p>P\u00e1ly\u00e1zatunkban minden koroszt\u00e1lyt szeretn\u00e9nk megsz\u00f3l\u00edtani, \u00e9letkort\u00f3l f\u00fcggetlen\u00fcl, azonban nemzetis\u00e9gi \u00e9s hagyom\u00e1ny\u0151rz\u0151 c\u00e9lunk v\u00e9gett a helyi magyar, szlov\u00e1k, \u00e9s roma r\u00e9teget szeretn\u00e9nk els\u0151sorban megc\u00e9lozni. A h\u00e1rom csoport \u00e1tfed\u00e9sben egyar\u00e1nt \u00e9rintett, mivel az egyes nemzetis\u00e9gek kult\u00far\u00e1j\u00e1t szeretn\u00e9nk \u00e1tadni tov\u00e1bbi r\u00e9tegeknek, \u00e9s min\u00e9l sz\u00e9lesebb k\u00f6rben megismertetni mind a vizu\u00e1lis, mind a gasztron\u00f3miai elemeket. A programok ingyenes biztos\u00edt\u00e1s\u00e1val szeretn\u00e9nk kik\u00fcsz\u00f6b\u00f6lni az egyes t\u00e1rsadalmi r\u00e9tegek k\u00f6z\u00f6tti es\u00e9lyegyenl\u0151tlens\u00e9geket.<\/p>\n<\/div>\n\n\t\t<\/div>\n\t\t\t\t\t<\/div>\n\n\t\n\n<\/div>\n\n\t\t<\/div>\n\n\t\t\n<style>\n#section_2053834836 {\n  padding-top: 70px;\n  padding-bottom: 70px;\n}\n<\/style>\n\t<\/section>","protected":false},"excerpt":{"rendered":"","protected":false},"author":1,"featured_media":0,"parent":0,"menu_order":0,"comment_status":"closed","ping_status":"closed","template":"","meta":{"footnotes":""},"class_list":["post-1999","page","type-page","status-publish","hentry"],"yoast_head":"<!-- This site is optimized with the Yoast SEO plugin v27.5 - https:\/\/yoast.com\/product\/yoast-seo-wordpress\/ -->\n<title>Top - Cervinus Te\u00e1trum<\/title>\n<meta name=\"robots\" content=\"index, follow, max-snippet:-1, max-image-preview:large, max-video-preview:-1\" \/>\n<link rel=\"canonical\" href=\"https:\/\/cervinusteatrum.hu\/sk\/top\/\" \/>\n<meta property=\"og:locale\" content=\"sk_SK\" \/>\n<meta property=\"og:type\" content=\"article\" \/>\n<meta property=\"og:title\" content=\"Top - Cervinus Te\u00e1trum\" \/>\n<meta property=\"og:url\" content=\"https:\/\/cervinusteatrum.hu\/sk\/top\/\" \/>\n<meta property=\"og:site_name\" content=\"Cervinus Te\u00e1trum\" \/>\n<meta property=\"article:publisher\" content=\"https:\/\/www.facebook.com\/cervinusteatrumhu\" \/>\n<meta property=\"article:modified_time\" content=\"2024-04-10T06:16:00+00:00\" \/>\n<meta property=\"og:image\" content=\"https:\/\/cervinusteatrum.hu\/wp-content\/uploads\/2024\/04\/2020.jpg\" \/>\n<meta name=\"twitter:card\" content=\"summary_large_image\" \/>\n<script type=\"application\/ld+json\" class=\"yoast-schema-graph\">{\"@context\":\"https:\\\/\\\/schema.org\",\"@graph\":[{\"@type\":\"WebPage\",\"@id\":\"https:\\\/\\\/cervinusteatrum.hu\\\/top\\\/\",\"url\":\"https:\\\/\\\/cervinusteatrum.hu\\\/top\\\/\",\"name\":\"Top - Cervinus Te\u00e1trum\",\"isPartOf\":{\"@id\":\"https:\\\/\\\/cervinusteatrum.hu\\\/#website\"},\"primaryImageOfPage\":{\"@id\":\"https:\\\/\\\/cervinusteatrum.hu\\\/top\\\/#primaryimage\"},\"image\":{\"@id\":\"https:\\\/\\\/cervinusteatrum.hu\\\/top\\\/#primaryimage\"},\"thumbnailUrl\":\"https:\\\/\\\/cervinusteatrum.hu\\\/wp-content\\\/uploads\\\/2024\\\/04\\\/2020.jpg\",\"datePublished\":\"2024-04-10T06:14:37+00:00\",\"dateModified\":\"2024-04-10T06:16:00+00:00\",\"breadcrumb\":{\"@id\":\"https:\\\/\\\/cervinusteatrum.hu\\\/top\\\/#breadcrumb\"},\"inLanguage\":\"sk-SK\",\"potentialAction\":[{\"@type\":\"ReadAction\",\"target\":[\"https:\\\/\\\/cervinusteatrum.hu\\\/top\\\/\"]}]},{\"@type\":\"ImageObject\",\"inLanguage\":\"sk-SK\",\"@id\":\"https:\\\/\\\/cervinusteatrum.hu\\\/top\\\/#primaryimage\",\"url\":\"https:\\\/\\\/cervinusteatrum.hu\\\/wp-content\\\/uploads\\\/2024\\\/04\\\/2020.jpg\",\"contentUrl\":\"https:\\\/\\\/cervinusteatrum.hu\\\/wp-content\\\/uploads\\\/2024\\\/04\\\/2020.jpg\"},{\"@type\":\"BreadcrumbList\",\"@id\":\"https:\\\/\\\/cervinusteatrum.hu\\\/top\\\/#breadcrumb\",\"itemListElement\":[{\"@type\":\"ListItem\",\"position\":1,\"name\":\"Kezd\u0151lap\",\"item\":\"https:\\\/\\\/cervinusteatrum.hu\\\/\"},{\"@type\":\"ListItem\",\"position\":2,\"name\":\"Top\"}]},{\"@type\":\"WebSite\",\"@id\":\"https:\\\/\\\/cervinusteatrum.hu\\\/#website\",\"url\":\"https:\\\/\\\/cervinusteatrum.hu\\\/\",\"name\":\"Cervinus Te\u00e1trum\",\"description\":\"\",\"publisher\":{\"@id\":\"https:\\\/\\\/cervinusteatrum.hu\\\/#organization\"},\"potentialAction\":[{\"@type\":\"SearchAction\",\"target\":{\"@type\":\"EntryPoint\",\"urlTemplate\":\"https:\\\/\\\/cervinusteatrum.hu\\\/?s={search_term_string}\"},\"query-input\":{\"@type\":\"PropertyValueSpecification\",\"valueRequired\":true,\"valueName\":\"search_term_string\"}}],\"inLanguage\":\"sk-SK\"},{\"@type\":\"Organization\",\"@id\":\"https:\\\/\\\/cervinusteatrum.hu\\\/#organization\",\"name\":\"Cervinus Te\u00e1trum\",\"url\":\"https:\\\/\\\/cervinusteatrum.hu\\\/\",\"logo\":{\"@type\":\"ImageObject\",\"inLanguage\":\"sk-SK\",\"@id\":\"https:\\\/\\\/cervinusteatrum.hu\\\/#\\\/schema\\\/logo\\\/image\\\/\",\"url\":\"https:\\\/\\\/cervinusteatrum.hu\\\/wp-content\\\/uploads\\\/2022\\\/03\\\/cervinus.png\",\"contentUrl\":\"https:\\\/\\\/cervinusteatrum.hu\\\/wp-content\\\/uploads\\\/2022\\\/03\\\/cervinus.png\",\"width\":819,\"height\":960,\"caption\":\"Cervinus Te\u00e1trum\"},\"image\":{\"@id\":\"https:\\\/\\\/cervinusteatrum.hu\\\/#\\\/schema\\\/logo\\\/image\\\/\"},\"sameAs\":[\"https:\\\/\\\/www.facebook.com\\\/cervinusteatrumhu\"]}]}<\/script>\n<!-- \/ Yoast SEO plugin. -->","yoast_head_json":{"title":"Top - Cervinus Te\u00e1trum","robots":{"index":"index","follow":"follow","max-snippet":"max-snippet:-1","max-image-preview":"max-image-preview:large","max-video-preview":"max-video-preview:-1"},"canonical":"https:\/\/cervinusteatrum.hu\/sk\/top\/","og_locale":"sk_SK","og_type":"article","og_title":"Top - Cervinus Te\u00e1trum","og_url":"https:\/\/cervinusteatrum.hu\/sk\/top\/","og_site_name":"Cervinus Te\u00e1trum","article_publisher":"https:\/\/www.facebook.com\/cervinusteatrumhu","article_modified_time":"2024-04-10T06:16:00+00:00","og_image":[{"url":"https:\/\/cervinusteatrum.hu\/wp-content\/uploads\/2024\/04\/2020.jpg","type":"","width":"","height":""}],"twitter_card":"summary_large_image","schema":{"@context":"https:\/\/schema.org","@graph":[{"@type":"WebPage","@id":"https:\/\/cervinusteatrum.hu\/top\/","url":"https:\/\/cervinusteatrum.hu\/top\/","name":"Top - Cervinus Te\u00e1trum","isPartOf":{"@id":"https:\/\/cervinusteatrum.hu\/#website"},"primaryImageOfPage":{"@id":"https:\/\/cervinusteatrum.hu\/top\/#primaryimage"},"image":{"@id":"https:\/\/cervinusteatrum.hu\/top\/#primaryimage"},"thumbnailUrl":"https:\/\/cervinusteatrum.hu\/wp-content\/uploads\/2024\/04\/2020.jpg","datePublished":"2024-04-10T06:14:37+00:00","dateModified":"2024-04-10T06:16:00+00:00","breadcrumb":{"@id":"https:\/\/cervinusteatrum.hu\/top\/#breadcrumb"},"inLanguage":"sk-SK","potentialAction":[{"@type":"ReadAction","target":["https:\/\/cervinusteatrum.hu\/top\/"]}]},{"@type":"ImageObject","inLanguage":"sk-SK","@id":"https:\/\/cervinusteatrum.hu\/top\/#primaryimage","url":"https:\/\/cervinusteatrum.hu\/wp-content\/uploads\/2024\/04\/2020.jpg","contentUrl":"https:\/\/cervinusteatrum.hu\/wp-content\/uploads\/2024\/04\/2020.jpg"},{"@type":"BreadcrumbList","@id":"https:\/\/cervinusteatrum.hu\/top\/#breadcrumb","itemListElement":[{"@type":"ListItem","position":1,"name":"Kezd\u0151lap","item":"https:\/\/cervinusteatrum.hu\/"},{"@type":"ListItem","position":2,"name":"Top"}]},{"@type":"WebSite","@id":"https:\/\/cervinusteatrum.hu\/#website","url":"https:\/\/cervinusteatrum.hu\/","name":"Cervinus Te\u00e1trum","description":"","publisher":{"@id":"https:\/\/cervinusteatrum.hu\/#organization"},"potentialAction":[{"@type":"SearchAction","target":{"@type":"EntryPoint","urlTemplate":"https:\/\/cervinusteatrum.hu\/?s={search_term_string}"},"query-input":{"@type":"PropertyValueSpecification","valueRequired":true,"valueName":"search_term_string"}}],"inLanguage":"sk-SK"},{"@type":"Organization","@id":"https:\/\/cervinusteatrum.hu\/#organization","name":"Cervinus Te\u00e1trum","url":"https:\/\/cervinusteatrum.hu\/","logo":{"@type":"ImageObject","inLanguage":"sk-SK","@id":"https:\/\/cervinusteatrum.hu\/#\/schema\/logo\/image\/","url":"https:\/\/cervinusteatrum.hu\/wp-content\/uploads\/2022\/03\/cervinus.png","contentUrl":"https:\/\/cervinusteatrum.hu\/wp-content\/uploads\/2022\/03\/cervinus.png","width":819,"height":960,"caption":"Cervinus Te\u00e1trum"},"image":{"@id":"https:\/\/cervinusteatrum.hu\/#\/schema\/logo\/image\/"},"sameAs":["https:\/\/www.facebook.com\/cervinusteatrumhu"]}]}},"_links":{"self":[{"href":"https:\/\/cervinusteatrum.hu\/sk\/wp-json\/wp\/v2\/pages\/1999","targetHints":{"allow":["GET"]}}],"collection":[{"href":"https:\/\/cervinusteatrum.hu\/sk\/wp-json\/wp\/v2\/pages"}],"about":[{"href":"https:\/\/cervinusteatrum.hu\/sk\/wp-json\/wp\/v2\/types\/page"}],"author":[{"embeddable":true,"href":"https:\/\/cervinusteatrum.hu\/sk\/wp-json\/wp\/v2\/users\/1"}],"replies":[{"embeddable":true,"href":"https:\/\/cervinusteatrum.hu\/sk\/wp-json\/wp\/v2\/comments?post=1999"}],"version-history":[{"count":3,"href":"https:\/\/cervinusteatrum.hu\/sk\/wp-json\/wp\/v2\/pages\/1999\/revisions"}],"predecessor-version":[{"id":2003,"href":"https:\/\/cervinusteatrum.hu\/sk\/wp-json\/wp\/v2\/pages\/1999\/revisions\/2003"}],"wp:attachment":[{"href":"https:\/\/cervinusteatrum.hu\/sk\/wp-json\/wp\/v2\/media?parent=1999"}],"curies":[{"name":"wp","href":"https:\/\/api.w.org\/{rel}","templated":true}]}}