{"id":1737,"date":"2024-03-25T07:24:54","date_gmt":"2024-03-25T07:24:54","guid":{"rendered":"https:\/\/cervinusteatrum.hu\/?page_id=1737"},"modified":"2026-02-10T14:00:57","modified_gmt":"2026-02-10T13:00:57","slug":"rendezvenysator-berles","status":"publish","type":"page","link":"https:\/\/cervinusteatrum.hu\/sk\/rendezvenysator-berles\/","title":{"rendered":"Pren\u00e1jom stanu na podujatie"},"content":{"rendered":"<div class=\"banner has-hover has-parallax\" id=\"banner-1989310719\">\n          <div class=\"banner-inner fill\">\n        <div class=\"banner-bg fill\" data-parallax=\"-4\" data-parallax-container=\".banner\" data-parallax-background>\n            <img loading=\"lazy\" decoding=\"async\" width=\"1900\" height=\"477\" src=\"https:\/\/cervinusteatrum.hu\/wp-content\/uploads\/2022\/03\/szinhaz1.png\" class=\"bg attachment-original size-original\" alt=\"\" \/>                        <div class=\"overlay\"><\/div>            \n                    <\/div>\n\t\t\n        <div class=\"banner-layers container\">\n            <div class=\"fill banner-link\"><\/div>            \n\n   <div id=\"text-box-314054081\" class=\"text-box banner-layer x0 md-x0 lg-x0 y50 md-y50 lg-y50 res-text\">\n                                <div class=\"text-box-content text dark\">\n              \n              <div class=\"text-inner text-center\">\n                  \n\n\t<div id=\"text-4185685867\" class=\"text\">\n\t\t\n\n<h1><strong>Pren\u00e1jom stanu na podujatie<\/strong><\/h1>\n\t\t\n<style>\n#text-4185685867 {\n  text-align: left;\n}\n<\/style>\n\t<\/div>\n\t\n\n              <\/div>\n           <\/div>\n                            \n<style>\n#text-box-314054081 {\n  width: 60%;\n}\n#text-box-314054081 .text-box-content {\n  font-size: 100%;\n}\n<\/style>\n    <\/div>\n \n\n        <\/div>\n      <\/div>\n\n            \n<style>\n#banner-1989310719 {\n  padding-top: 300px;\n}\n#banner-1989310719 .overlay {\n  background-color: rgba(0, 0, 0, 0.262);\n}\n<\/style>\n  <\/div>\n\n\n\n\t<section class=\"section\" id=\"section_863626483\">\n\t\t<div class=\"section-bg fill\" >\n\t\t\t\t\t\t\t\t\t\n\t\t\t\n\n\t\t<\/div>\n\n\t\t\n\n\t\t<div class=\"section-content relative\">\n\t\t\t\n\n<div class=\"row row-large row-divided\"  id=\"row-722632966\">\n\n\n\t<div id=\"col-888125519\" class=\"col medium-9 small-12 large-9\"  >\n\t\t\t\t<div class=\"col-inner\"  >\n\t\t\t\n\t\t\t\n\n<p>B\u0151vebb inform\u00e1ci\u00f3 hamarosan!<\/p>\n<p>Addig is keressen minket bizalommal!<\/p>\n\n\t\t<\/div>\n\t\t\t\t\t<\/div>\n\n\t\n\n\t<div id=\"col-925837357\" class=\"col medium-3 small-12 large-3\"  >\n\t\t\t\t<div class=\"col-inner\"  >\n\t\t\t\n\t\t\t\n\n<h3>Keresse koll\u00e9g\u00e1nkat<\/h3>\n\t<div id=\"gap-985319341\" class=\"gap-element clearfix\" style=\"display:block; height:auto;\">\n\t\t\n<style>\n#gap-985319341 {\n  padding-top: 15px;\n}\n<\/style>\n\t<\/div>\n\t\n\n<p><strong>Valach Vendel<\/strong><br \/>M\u0171szaki koll\u00e9ga<\/p>\n<p>+36 70 279 0519<br \/>\nvalachvendel@gmail.com<\/p>\n\n\n\t\t<\/div>\n\t\t\t\t\t<\/div>\n\n\t\n\n<\/div>\n\n\t\t<\/div>\n\n\t\t\n<style>\n#section_863626483 {\n  padding-top: 30px;\n  padding-bottom: 30px;\n}\n<\/style>\n\t<\/section>","protected":false},"excerpt":{"rendered":"","protected":false},"author":1,"featured_media":0,"parent":0,"menu_order":0,"comment_status":"closed","ping_status":"closed","template":"","meta":{"footnotes":""},"class_list":["post-1737","page","type-page","status-publish","hentry"],"yoast_head":"<!-- This site is optimized with the Yoast SEO plugin v27.5 - https:\/\/yoast.com\/product\/yoast-seo-wordpress\/ -->\n<title>Rendezv\u00e9nys\u00e1tor b\u00e9rl\u00e9s - Cervinus Te\u00e1trum<\/title>\n<meta name=\"robots\" content=\"index, follow, max-snippet:-1, max-image-preview:large, max-video-preview:-1\" \/>\n<link rel=\"canonical\" href=\"https:\/\/cervinusteatrum.hu\/sk\/rendezvenysator-berles\/\" \/>\n<meta property=\"og:locale\" content=\"sk_SK\" \/>\n<meta property=\"og:type\" content=\"article\" \/>\n<meta property=\"og:title\" content=\"Rendezv\u00e9nys\u00e1tor b\u00e9rl\u00e9s - Cervinus Te\u00e1trum\" \/>\n<meta property=\"og:url\" content=\"https:\/\/cervinusteatrum.hu\/sk\/rendezvenysator-berles\/\" \/>\n<meta property=\"og:site_name\" content=\"Cervinus Te\u00e1trum\" \/>\n<meta property=\"article:publisher\" content=\"https:\/\/www.facebook.com\/cervinusteatrumhu\" \/>\n<meta property=\"article:modified_time\" content=\"2026-02-10T13:00:57+00:00\" \/>\n<meta name=\"twitter:card\" content=\"summary_large_image\" \/>\n<meta name=\"twitter:label1\" content=\"Predpokladan\u00fd \u010das \u010d\u00edtania\" \/>\n\t<meta name=\"twitter:data1\" content=\"1 min\u00fata\" \/>\n<script type=\"application\/ld+json\" class=\"yoast-schema-graph\">{\"@context\":\"https:\\\/\\\/schema.org\",\"@graph\":[{\"@type\":\"WebPage\",\"@id\":\"https:\\\/\\\/cervinusteatrum.hu\\\/rendezvenysator-berles\\\/\",\"url\":\"https:\\\/\\\/cervinusteatrum.hu\\\/rendezvenysator-berles\\\/\",\"name\":\"Rendezv\u00e9nys\u00e1tor b\u00e9rl\u00e9s - Cervinus Te\u00e1trum\",\"isPartOf\":{\"@id\":\"https:\\\/\\\/cervinusteatrum.hu\\\/#website\"},\"datePublished\":\"2024-03-25T07:24:54+00:00\",\"dateModified\":\"2026-02-10T13:00:57+00:00\",\"breadcrumb\":{\"@id\":\"https:\\\/\\\/cervinusteatrum.hu\\\/rendezvenysator-berles\\\/#breadcrumb\"},\"inLanguage\":\"sk-SK\",\"potentialAction\":[{\"@type\":\"ReadAction\",\"target\":[\"https:\\\/\\\/cervinusteatrum.hu\\\/rendezvenysator-berles\\\/\"]}]},{\"@type\":\"BreadcrumbList\",\"@id\":\"https:\\\/\\\/cervinusteatrum.hu\\\/rendezvenysator-berles\\\/#breadcrumb\",\"itemListElement\":[{\"@type\":\"ListItem\",\"position\":1,\"name\":\"Kezd\u0151lap\",\"item\":\"https:\\\/\\\/cervinusteatrum.hu\\\/\"},{\"@type\":\"ListItem\",\"position\":2,\"name\":\"Rendezv\u00e9nys\u00e1tor b\u00e9rl\u00e9s\"}]},{\"@type\":\"WebSite\",\"@id\":\"https:\\\/\\\/cervinusteatrum.hu\\\/#website\",\"url\":\"https:\\\/\\\/cervinusteatrum.hu\\\/\",\"name\":\"Cervinus Te\u00e1trum\",\"description\":\"\",\"publisher\":{\"@id\":\"https:\\\/\\\/cervinusteatrum.hu\\\/#organization\"},\"potentialAction\":[{\"@type\":\"SearchAction\",\"target\":{\"@type\":\"EntryPoint\",\"urlTemplate\":\"https:\\\/\\\/cervinusteatrum.hu\\\/?s={search_term_string}\"},\"query-input\":{\"@type\":\"PropertyValueSpecification\",\"valueRequired\":true,\"valueName\":\"search_term_string\"}}],\"inLanguage\":\"sk-SK\"},{\"@type\":\"Organization\",\"@id\":\"https:\\\/\\\/cervinusteatrum.hu\\\/#organization\",\"name\":\"Cervinus Te\u00e1trum\",\"url\":\"https:\\\/\\\/cervinusteatrum.hu\\\/\",\"logo\":{\"@type\":\"ImageObject\",\"inLanguage\":\"sk-SK\",\"@id\":\"https:\\\/\\\/cervinusteatrum.hu\\\/#\\\/schema\\\/logo\\\/image\\\/\",\"url\":\"https:\\\/\\\/cervinusteatrum.hu\\\/wp-content\\\/uploads\\\/2022\\\/03\\\/cervinus.png\",\"contentUrl\":\"https:\\\/\\\/cervinusteatrum.hu\\\/wp-content\\\/uploads\\\/2022\\\/03\\\/cervinus.png\",\"width\":819,\"height\":960,\"caption\":\"Cervinus Te\u00e1trum\"},\"image\":{\"@id\":\"https:\\\/\\\/cervinusteatrum.hu\\\/#\\\/schema\\\/logo\\\/image\\\/\"},\"sameAs\":[\"https:\\\/\\\/www.facebook.com\\\/cervinusteatrumhu\"]}]}<\/script>\n<!-- \/ Yoast SEO plugin. -->","yoast_head_json":{"title":"Rendezv\u00e9nys\u00e1tor b\u00e9rl\u00e9s - Cervinus Te\u00e1trum","robots":{"index":"index","follow":"follow","max-snippet":"max-snippet:-1","max-image-preview":"max-image-preview:large","max-video-preview":"max-video-preview:-1"},"canonical":"https:\/\/cervinusteatrum.hu\/sk\/rendezvenysator-berles\/","og_locale":"sk_SK","og_type":"article","og_title":"Rendezv\u00e9nys\u00e1tor b\u00e9rl\u00e9s - Cervinus Te\u00e1trum","og_url":"https:\/\/cervinusteatrum.hu\/sk\/rendezvenysator-berles\/","og_site_name":"Cervinus Te\u00e1trum","article_publisher":"https:\/\/www.facebook.com\/cervinusteatrumhu","article_modified_time":"2026-02-10T13:00:57+00:00","twitter_card":"summary_large_image","twitter_misc":{"Predpokladan\u00fd \u010das \u010d\u00edtania":"1 min\u00fata"},"schema":{"@context":"https:\/\/schema.org","@graph":[{"@type":"WebPage","@id":"https:\/\/cervinusteatrum.hu\/rendezvenysator-berles\/","url":"https:\/\/cervinusteatrum.hu\/rendezvenysator-berles\/","name":"Rendezv\u00e9nys\u00e1tor b\u00e9rl\u00e9s - Cervinus Te\u00e1trum","isPartOf":{"@id":"https:\/\/cervinusteatrum.hu\/#website"},"datePublished":"2024-03-25T07:24:54+00:00","dateModified":"2026-02-10T13:00:57+00:00","breadcrumb":{"@id":"https:\/\/cervinusteatrum.hu\/rendezvenysator-berles\/#breadcrumb"},"inLanguage":"sk-SK","potentialAction":[{"@type":"ReadAction","target":["https:\/\/cervinusteatrum.hu\/rendezvenysator-berles\/"]}]},{"@type":"BreadcrumbList","@id":"https:\/\/cervinusteatrum.hu\/rendezvenysator-berles\/#breadcrumb","itemListElement":[{"@type":"ListItem","position":1,"name":"Kezd\u0151lap","item":"https:\/\/cervinusteatrum.hu\/"},{"@type":"ListItem","position":2,"name":"Rendezv\u00e9nys\u00e1tor b\u00e9rl\u00e9s"}]},{"@type":"WebSite","@id":"https:\/\/cervinusteatrum.hu\/#website","url":"https:\/\/cervinusteatrum.hu\/","name":"Cervinus Te\u00e1trum","description":"","publisher":{"@id":"https:\/\/cervinusteatrum.hu\/#organization"},"potentialAction":[{"@type":"SearchAction","target":{"@type":"EntryPoint","urlTemplate":"https:\/\/cervinusteatrum.hu\/?s={search_term_string}"},"query-input":{"@type":"PropertyValueSpecification","valueRequired":true,"valueName":"search_term_string"}}],"inLanguage":"sk-SK"},{"@type":"Organization","@id":"https:\/\/cervinusteatrum.hu\/#organization","name":"Cervinus Te\u00e1trum","url":"https:\/\/cervinusteatrum.hu\/","logo":{"@type":"ImageObject","inLanguage":"sk-SK","@id":"https:\/\/cervinusteatrum.hu\/#\/schema\/logo\/image\/","url":"https:\/\/cervinusteatrum.hu\/wp-content\/uploads\/2022\/03\/cervinus.png","contentUrl":"https:\/\/cervinusteatrum.hu\/wp-content\/uploads\/2022\/03\/cervinus.png","width":819,"height":960,"caption":"Cervinus Te\u00e1trum"},"image":{"@id":"https:\/\/cervinusteatrum.hu\/#\/schema\/logo\/image\/"},"sameAs":["https:\/\/www.facebook.com\/cervinusteatrumhu"]}]}},"_links":{"self":[{"href":"https:\/\/cervinusteatrum.hu\/sk\/wp-json\/wp\/v2\/pages\/1737","targetHints":{"allow":["GET"]}}],"collection":[{"href":"https:\/\/cervinusteatrum.hu\/sk\/wp-json\/wp\/v2\/pages"}],"about":[{"href":"https:\/\/cervinusteatrum.hu\/sk\/wp-json\/wp\/v2\/types\/page"}],"author":[{"embeddable":true,"href":"https:\/\/cervinusteatrum.hu\/sk\/wp-json\/wp\/v2\/users\/1"}],"replies":[{"embeddable":true,"href":"https:\/\/cervinusteatrum.hu\/sk\/wp-json\/wp\/v2\/comments?post=1737"}],"version-history":[{"count":10,"href":"https:\/\/cervinusteatrum.hu\/sk\/wp-json\/wp\/v2\/pages\/1737\/revisions"}],"predecessor-version":[{"id":2895,"href":"https:\/\/cervinusteatrum.hu\/sk\/wp-json\/wp\/v2\/pages\/1737\/revisions\/2895"}],"wp:attachment":[{"href":"https:\/\/cervinusteatrum.hu\/sk\/wp-json\/wp\/v2\/media?parent=1737"}],"curies":[{"name":"wp","href":"https:\/\/api.w.org\/{rel}","templated":true}]}}